{"id":11,"date":"2023-12-03T12:52:08","date_gmt":"2023-12-03T12:52:08","guid":{"rendered":"https:\/\/idealapartamentos.com\/?page_id=11"},"modified":"2023-12-03T12:52:17","modified_gmt":"2023-12-03T12:52:17","slug":"aviso-legal","status":"publish","type":"page","link":"https:\/\/idealapartamentos.com\/?page_id=11","title":{"rendered":"Aviso Legal"},"content":{"rendered":"\n<p>Bienvenido a Ideal Apartamentos.<\/p>\n\n\n\n<ol class=\"wp-block-list\">\n<li><strong>Titularidad del sitio web:<\/strong> Ideal Apartamentos &#8211; Palma Lopera info@idealapartamentos.com <\/li>\n\n\n\n<li><strong>Condiciones de Uso:<\/strong> El acceso y uso de este sitio web est\u00e1n sujetos a las siguientes condiciones. Al utilizar este sitio, aceptas estas condiciones en su totalidad.<\/li>\n\n\n\n<li><strong>Propiedad Intelectual:<\/strong> Los contenidos de este sitio web, incluyendo textos, im\u00e1genes, logotipos, y cualquier otro material, est\u00e1n protegidos por derechos de propiedad intelectual. Queda prohibida su reproducci\u00f3n sin previa autorizaci\u00f3n.<\/li>\n\n\n\n<li><strong>Enlaces a Terceros:<\/strong> Este sitio web puede contener enlaces a sitios de terceros. No tenemos control sobre el contenido de estos sitios y no asumimos responsabilidad alguna por su contenido.<\/li>\n\n\n\n<li><strong>Pol\u00edtica de Privacidad:<\/strong> Consulta nuestra Pol\u00edtica de Privacidad para obtener informaci\u00f3n sobre c\u00f3mo manejamos la informaci\u00f3n personal.<\/li>\n\n\n\n<li><strong>Cookies:<\/strong> Este sitio web utiliza cookies para mejorar la experiencia del usuario. Al continuar navegando, aceptas el uso de cookies de acuerdo con nuestra Pol\u00edtica de Cookies.<\/li>\n\n\n\n<li><strong>Limitaci\u00f3n de Responsabilidad:<\/strong> No nos hacemos responsables de posibles da\u00f1os o perjuicios derivados del uso de este sitio web.<\/li>\n\n\n\n<li><strong>Modificaciones:<\/strong> Nos reservamos el derecho de modificar estas condiciones en cualquier momento. Se recomienda revisar peri\u00f3dicamente esta p\u00e1gina.<\/li>\n\n\n\n<li><strong>Ley Aplicable:<\/strong> Este aviso legal se rige por las leyes vigentes en Espa\u00f1a. Cualquier disputa que surja en relaci\u00f3n con este sitio web estar\u00e1 sujeta a la jurisdicci\u00f3n de los tribunales de M\u00e1laga.<\/li>\n<\/ol>\n\n\n\n<p>Gracias por visitar Ideal Apartamentos. Si tienes alguna pregunta, puedes ponerte en contacto con nosotros en info@idealapartamentos.com <\/p>\n","protected":false},"excerpt":{"rendered":"<p>Bienvenido a Ideal Apartamentos. Gracias por visitar Ideal Apartamentos. Si tienes alguna pregunta, puedes ponerte en contacto con nosotros en info@idealapartamentos.com<\/p>\n","protected":false},"author":1,"featured_media":0,"parent":0,"menu_order":0,"comment_status":"closed","ping_status":"closed","template":"","meta":{"footnotes":""},"class_list":["post-11","page","type-page","status-publish","hentry"],"yoast_head":"<!-- This site is optimized with the Yoast SEO plugin v21.6 - https:\/\/yoast.com\/wordpress\/plugins\/seo\/ -->\n<title>Aviso Legal - Ideal Apartamentos<\/title>\n<meta name=\"robots\" content=\"index, follow, max-snippet:-1, max-image-preview:large, max-video-preview:-1\" \/>\n<link rel=\"canonical\" href=\"https:\/\/idealapartamentos.com\/?page_id=11\" \/>\n<meta property=\"og:locale\" content=\"es_ES\" \/>\n<meta property=\"og:type\" content=\"article\" \/>\n<meta property=\"og:title\" content=\"Aviso Legal - Ideal Apartamentos\" \/>\n<meta property=\"og:description\" content=\"Bienvenido a Ideal Apartamentos. Gracias por visitar Ideal Apartamentos. Si tienes alguna pregunta, puedes ponerte en contacto con nosotros en info@idealapartamentos.com\" \/>\n<meta property=\"og:url\" content=\"https:\/\/idealapartamentos.com\/?page_id=11\" \/>\n<meta property=\"og:site_name\" content=\"Ideal Apartamentos\" \/>\n<meta property=\"article:modified_time\" content=\"2023-12-03T12:52:17+00:00\" \/>\n<meta name=\"twitter:card\" content=\"summary_large_image\" \/>\n<meta name=\"twitter:label1\" content=\"Tiempo de lectura\" \/>\n\t<meta name=\"twitter:data1\" content=\"2 minutos\" \/>\n<script type=\"application\/ld+json\" class=\"yoast-schema-graph\">{\"@context\":\"https:\/\/schema.org\",\"@graph\":[{\"@type\":\"WebPage\",\"@id\":\"https:\/\/idealapartamentos.com\/?page_id=11\",\"url\":\"https:\/\/idealapartamentos.com\/?page_id=11\",\"name\":\"Aviso Legal - Ideal Apartamentos\",\"isPartOf\":{\"@id\":\"https:\/\/idealapartamentos.com\/#website\"},\"datePublished\":\"2023-12-03T12:52:08+00:00\",\"dateModified\":\"2023-12-03T12:52:17+00:00\",\"breadcrumb\":{\"@id\":\"https:\/\/idealapartamentos.com\/?page_id=11#breadcrumb\"},\"inLanguage\":\"es\",\"potentialAction\":[{\"@type\":\"ReadAction\",\"target\":[\"https:\/\/idealapartamentos.com\/?page_id=11\"]}]},{\"@type\":\"BreadcrumbList\",\"@id\":\"https:\/\/idealapartamentos.com\/?page_id=11#breadcrumb\",\"itemListElement\":[{\"@type\":\"ListItem\",\"position\":1,\"name\":\"Portada\",\"item\":\"https:\/\/idealapartamentos.com\/\"},{\"@type\":\"ListItem\",\"position\":2,\"name\":\"Aviso Legal\"}]},{\"@type\":\"WebSite\",\"@id\":\"https:\/\/idealapartamentos.com\/#website\",\"url\":\"https:\/\/idealapartamentos.com\/\",\"name\":\"Ideal Apartamentos\",\"description\":\"Los mejores apartamentos tur\u00edsticos en M\u00e1laga\",\"publisher\":{\"@id\":\"https:\/\/idealapartamentos.com\/#organization\"},\"potentialAction\":[{\"@type\":\"SearchAction\",\"target\":{\"@type\":\"EntryPoint\",\"urlTemplate\":\"https:\/\/idealapartamentos.com\/?s={search_term_string}\"},\"query-input\":\"required name=search_term_string\"}],\"inLanguage\":\"es\"},{\"@type\":\"Organization\",\"@id\":\"https:\/\/idealapartamentos.com\/#organization\",\"name\":\"Ideal Apartamentos\",\"url\":\"https:\/\/idealapartamentos.com\/\",\"logo\":{\"@type\":\"ImageObject\",\"inLanguage\":\"es\",\"@id\":\"https:\/\/idealapartamentos.com\/#\/schema\/logo\/image\/\",\"url\":\"https:\/\/idealapartamentos.com\/wp-content\/uploads\/2023\/12\/1-removebg-preview.png\",\"contentUrl\":\"https:\/\/idealapartamentos.com\/wp-content\/uploads\/2023\/12\/1-removebg-preview.png\",\"width\":500,\"height\":500,\"caption\":\"Ideal Apartamentos\"},\"image\":{\"@id\":\"https:\/\/idealapartamentos.com\/#\/schema\/logo\/image\/\"}}]}<\/script>\n<!-- \/ Yoast SEO plugin. -->","yoast_head_json":{"title":"Aviso Legal - Ideal Apartamentos","robots":{"index":"index","follow":"follow","max-snippet":"max-snippet:-1","max-image-preview":"max-image-preview:large","max-video-preview":"max-video-preview:-1"},"canonical":"https:\/\/idealapartamentos.com\/?page_id=11","og_locale":"es_ES","og_type":"article","og_title":"Aviso Legal - Ideal Apartamentos","og_description":"Bienvenido a Ideal Apartamentos. Gracias por visitar Ideal Apartamentos. Si tienes alguna pregunta, puedes ponerte en contacto con nosotros en info@idealapartamentos.com","og_url":"https:\/\/idealapartamentos.com\/?page_id=11","og_site_name":"Ideal Apartamentos","article_modified_time":"2023-12-03T12:52:17+00:00","twitter_card":"summary_large_image","twitter_misc":{"Tiempo de lectura":"2 minutos"},"schema":{"@context":"https:\/\/schema.org","@graph":[{"@type":"WebPage","@id":"https:\/\/idealapartamentos.com\/?page_id=11","url":"https:\/\/idealapartamentos.com\/?page_id=11","name":"Aviso Legal - Ideal Apartamentos","isPartOf":{"@id":"https:\/\/idealapartamentos.com\/#website"},"datePublished":"2023-12-03T12:52:08+00:00","dateModified":"2023-12-03T12:52:17+00:00","breadcrumb":{"@id":"https:\/\/idealapartamentos.com\/?page_id=11#breadcrumb"},"inLanguage":"es","potentialAction":[{"@type":"ReadAction","target":["https:\/\/idealapartamentos.com\/?page_id=11"]}]},{"@type":"BreadcrumbList","@id":"https:\/\/idealapartamentos.com\/?page_id=11#breadcrumb","itemListElement":[{"@type":"ListItem","position":1,"name":"Portada","item":"https:\/\/idealapartamentos.com\/"},{"@type":"ListItem","position":2,"name":"Aviso Legal"}]},{"@type":"WebSite","@id":"https:\/\/idealapartamentos.com\/#website","url":"https:\/\/idealapartamentos.com\/","name":"Ideal Apartamentos","description":"Los mejores apartamentos tur\u00edsticos en M\u00e1laga","publisher":{"@id":"https:\/\/idealapartamentos.com\/#organization"},"potentialAction":[{"@type":"SearchAction","target":{"@type":"EntryPoint","urlTemplate":"https:\/\/idealapartamentos.com\/?s={search_term_string}"},"query-input":"required name=search_term_string"}],"inLanguage":"es"},{"@type":"Organization","@id":"https:\/\/idealapartamentos.com\/#organization","name":"Ideal Apartamentos","url":"https:\/\/idealapartamentos.com\/","logo":{"@type":"ImageObject","inLanguage":"es","@id":"https:\/\/idealapartamentos.com\/#\/schema\/logo\/image\/","url":"https:\/\/idealapartamentos.com\/wp-content\/uploads\/2023\/12\/1-removebg-preview.png","contentUrl":"https:\/\/idealapartamentos.com\/wp-content\/uploads\/2023\/12\/1-removebg-preview.png","width":500,"height":500,"caption":"Ideal Apartamentos"},"image":{"@id":"https:\/\/idealapartamentos.com\/#\/schema\/logo\/image\/"}}]}},"_links":{"self":[{"href":"https:\/\/idealapartamentos.com\/index.php?rest_route=\/wp\/v2\/pages\/11","targetHints":{"allow":["GET"]}}],"collection":[{"href":"https:\/\/idealapartamentos.com\/index.php?rest_route=\/wp\/v2\/pages"}],"about":[{"href":"https:\/\/idealapartamentos.com\/index.php?rest_route=\/wp\/v2\/types\/page"}],"author":[{"embeddable":true,"href":"https:\/\/idealapartamentos.com\/index.php?rest_route=\/wp\/v2\/users\/1"}],"replies":[{"embeddable":true,"href":"https:\/\/idealapartamentos.com\/index.php?rest_route=%2Fwp%2Fv2%2Fcomments&post=11"}],"version-history":[{"count":1,"href":"https:\/\/idealapartamentos.com\/index.php?rest_route=\/wp\/v2\/pages\/11\/revisions"}],"predecessor-version":[{"id":12,"href":"https:\/\/idealapartamentos.com\/index.php?rest_route=\/wp\/v2\/pages\/11\/revisions\/12"}],"wp:attachment":[{"href":"https:\/\/idealapartamentos.com\/index.php?rest_route=%2Fwp%2Fv2%2Fmedia&parent=11"}],"curies":[{"name":"wp","href":"https:\/\/api.w.org\/{rel}","templated":true}]}}